{"id":12458,"date":"2022-09-29T15:08:33","date_gmt":"2022-09-29T15:08:33","guid":{"rendered":"https:\/\/www.libertas.hr\/?page_id=12458"},"modified":"2025-05-16T12:19:56","modified_gmt":"2025-05-16T12:19:56","slug":"admissions","status":"publish","type":"page","link":"https:\/\/www.libertas.hr\/en\/admissions\/","title":{"rendered":"Admissions"},"content":{"rendered":"\t\t<div data-elementor-type=\"wp-page\" data-elementor-id=\"12458\" class=\"elementor elementor-12458 elementor-1160\" data-elementor-post-type=\"page\">\n\t\t\t\t<div class=\"elementor-element elementor-element-71df426 e-flex e-con-boxed e-con e-parent\" data-id=\"71df426\" data-element_type=\"container\" data-settings=\"{&quot;background_background&quot;:&quot;classic&quot;}\">\n\t\t\t\t\t<div class=\"e-con-inner\">\n\t\t<div class=\"elementor-element elementor-element-5b1d9c2 e-con-full e-flex e-con e-child\" data-id=\"5b1d9c2\" data-element_type=\"container\">\n\t\t\t\t<div class=\"elementor-element elementor-element-1199bbf elementor-widget elementor-widget-image\" data-id=\"1199bbf\" data-element_type=\"widget\" data-widget_type=\"image.default\">\n\t\t\t\t<div class=\"elementor-widget-container\">\n\t\t\t\t\t\t\t\t\t\t\t\t\t\t\t<img fetchpriority=\"high\" decoding=\"async\" width=\"498\" height=\"308\" src=\"https:\/\/www.libertas.hr\/wp-content\/uploads\/2025\/02\/prijavePrijediplomski.jpg\" class=\"attachment-full size-full wp-image-9687\" alt=\"\" srcset=\"https:\/\/www.libertas.hr\/wp-content\/uploads\/2025\/02\/prijavePrijediplomski.jpg 498w, https:\/\/www.libertas.hr\/wp-content\/uploads\/2025\/02\/prijavePrijediplomski-300x186.jpg 300w\" sizes=\"(max-width: 498px) 100vw, 498px\" \/>\t\t\t\t\t\t\t\t\t\t\t\t\t\t\t<\/div>\n\t\t\t\t<\/div>\n\t\t\t\t<\/div>\n\t\t<div class=\"elementor-element elementor-element-57b1e6b e-con-full e-flex e-con e-child\" data-id=\"57b1e6b\" data-element_type=\"container\">\n\t\t\t\t<div class=\"elementor-element elementor-element-0bf4565 elementor-widget elementor-widget-text-editor\" data-id=\"0bf4565\" data-element_type=\"widget\" data-widget_type=\"text-editor.default\">\n\t\t\t\t<div class=\"elementor-widget-container\">\n\t\t\t\t\t\t\t\t\t<p>You know which undergraduate program you want to study! Click and apply&#8230;<\/p>\t\t\t\t\t\t\t\t<\/div>\n\t\t\t\t<\/div>\n\t\t\t\t<div class=\"elementor-element elementor-element-1f7d2f5 elementor-widget elementor-widget-heading\" data-id=\"1f7d2f5\" data-element_type=\"widget\" data-widget_type=\"heading.default\">\n\t\t\t\t<div class=\"elementor-widget-container\">\n\t\t\t\t\t<h1 class=\"elementor-heading-title elementor-size-default\">Applications for undergraduate studies<\/h1>\t\t\t\t<\/div>\n\t\t\t\t<\/div>\n\t\t\t\t<div class=\"elementor-element elementor-element-2927e20 elementor-align-left elementor-mobile-align-justify elementor-widget elementor-widget-button\" data-id=\"2927e20\" data-element_type=\"widget\" data-widget_type=\"button.default\">\n\t\t\t\t<div class=\"elementor-widget-container\">\n\t\t\t\t\t\t\t\t\t<div class=\"elementor-button-wrapper\">\n\t\t\t\t\t<a class=\"elementor-button elementor-button-link elementor-size-xl\" href=\"https:\/\/www.libertas.hr\/en\/admissions\/admission-to-undergraduate-study-programs\/\">\n\t\t\t\t\t\t<span class=\"elementor-button-content-wrapper\">\n\t\t\t\t\t\t\t\t\t<span class=\"elementor-button-text\">Admission<\/span>\n\t\t\t\t\t<\/span>\n\t\t\t\t\t<\/a>\n\t\t\t\t<\/div>\n\t\t\t\t\t\t\t\t<\/div>\n\t\t\t\t<\/div>\n\t\t\t\t<\/div>\n\t\t\t\t\t<\/div>\n\t\t\t\t<\/div>\n\t\t<div class=\"elementor-element elementor-element-97bf4b8 e-flex e-con-boxed e-con e-parent\" data-id=\"97bf4b8\" data-element_type=\"container\" data-settings=\"{&quot;background_background&quot;:&quot;classic&quot;}\">\n\t\t\t\t\t<div class=\"e-con-inner\">\n\t\t<div class=\"elementor-element elementor-element-ee6434e e-con-full e-flex e-con e-child\" data-id=\"ee6434e\" data-element_type=\"container\">\n\t\t\t\t<div class=\"elementor-element elementor-element-9b1864a elementor-widget elementor-widget-image\" data-id=\"9b1864a\" data-element_type=\"widget\" data-widget_type=\"image.default\">\n\t\t\t\t<div class=\"elementor-widget-container\">\n\t\t\t\t\t\t\t\t\t\t\t\t\t\t\t<img decoding=\"async\" width=\"406\" height=\"236\" src=\"https:\/\/www.libertas.hr\/wp-content\/uploads\/2025\/02\/znanja-vjestine.jpg\" class=\"attachment-full size-full wp-image-9629\" alt=\"\" srcset=\"https:\/\/www.libertas.hr\/wp-content\/uploads\/2025\/02\/znanja-vjestine.jpg 406w, https:\/\/www.libertas.hr\/wp-content\/uploads\/2025\/02\/znanja-vjestine-300x174.jpg 300w\" sizes=\"(max-width: 406px) 100vw, 406px\" \/>\t\t\t\t\t\t\t\t\t\t\t\t\t\t\t<\/div>\n\t\t\t\t<\/div>\n\t\t\t\t<\/div>\n\t\t<div class=\"elementor-element elementor-element-c8ac519 e-con-full e-flex e-con e-child\" data-id=\"c8ac519\" data-element_type=\"container\">\n\t\t\t\t<div class=\"elementor-element elementor-element-b47cede elementor-widget elementor-widget-text-editor\" data-id=\"b47cede\" data-element_type=\"widget\" data-widget_type=\"text-editor.default\">\n\t\t\t\t<div class=\"elementor-widget-container\">\n\t\t\t\t\t\t\t\t\t<p>Apply for your chosen graduate program.<\/p>\t\t\t\t\t\t\t\t<\/div>\n\t\t\t\t<\/div>\n\t\t\t\t<div class=\"elementor-element elementor-element-959c267 elementor-widget elementor-widget-heading\" data-id=\"959c267\" data-element_type=\"widget\" data-widget_type=\"heading.default\">\n\t\t\t\t<div class=\"elementor-widget-container\">\n\t\t\t\t\t<h1 class=\"elementor-heading-title elementor-size-default\">Applications for graduate studies\u200b<\/h1>\t\t\t\t<\/div>\n\t\t\t\t<\/div>\n\t\t\t\t<div class=\"elementor-element elementor-element-ef77923 elementor-align-left elementor-mobile-align-justify elementor-widget elementor-widget-button\" data-id=\"ef77923\" data-element_type=\"widget\" data-widget_type=\"button.default\">\n\t\t\t\t<div class=\"elementor-widget-container\">\n\t\t\t\t\t\t\t\t\t<div class=\"elementor-button-wrapper\">\n\t\t\t\t\t<a class=\"elementor-button elementor-button-link elementor-size-xl\" href=\"https:\/\/www.libertas.hr\/en\/admissions\/admission-to-graduate-study-programs\/\">\n\t\t\t\t\t\t<span class=\"elementor-button-content-wrapper\">\n\t\t\t\t\t\t\t\t\t<span class=\"elementor-button-text\">Admission<\/span>\n\t\t\t\t\t<\/span>\n\t\t\t\t\t<\/a>\n\t\t\t\t<\/div>\n\t\t\t\t\t\t\t\t<\/div>\n\t\t\t\t<\/div>\n\t\t\t\t<\/div>\n\t\t\t\t\t<\/div>\n\t\t\t\t<\/div>\n\t\t<div class=\"elementor-element elementor-element-13180be e-flex e-con-boxed e-con e-parent\" data-id=\"13180be\" data-element_type=\"container\" data-settings=\"{&quot;background_background&quot;:&quot;classic&quot;}\">\n\t\t\t\t\t<div class=\"e-con-inner\">\n\t\t<div class=\"elementor-element elementor-element-bb328c4 e-con-full e-flex e-con e-child\" data-id=\"bb328c4\" data-element_type=\"container\">\n\t\t\t\t<div class=\"elementor-element elementor-element-fff3b38 elementor-widget elementor-widget-image\" data-id=\"fff3b38\" data-element_type=\"widget\" data-widget_type=\"image.default\">\n\t\t\t\t<div class=\"elementor-widget-container\">\n\t\t\t\t\t\t\t\t\t\t\t\t\t\t\t<img decoding=\"async\" width=\"498\" height=\"308\" src=\"https:\/\/www.libertas.hr\/wp-content\/uploads\/2025\/02\/prijavePoslijediplomski.jpg\" class=\"attachment-full size-full wp-image-9688\" alt=\"\" srcset=\"https:\/\/www.libertas.hr\/wp-content\/uploads\/2025\/02\/prijavePoslijediplomski.jpg 498w, https:\/\/www.libertas.hr\/wp-content\/uploads\/2025\/02\/prijavePoslijediplomski-300x186.jpg 300w\" sizes=\"(max-width: 498px) 100vw, 498px\" \/>\t\t\t\t\t\t\t\t\t\t\t\t\t\t\t<\/div>\n\t\t\t\t<\/div>\n\t\t\t\t<\/div>\n\t\t<div class=\"elementor-element elementor-element-66dbf3f e-con-full e-flex e-con e-child\" data-id=\"66dbf3f\" data-element_type=\"container\">\n\t\t\t\t<div class=\"elementor-element elementor-element-25d2445 elementor-widget elementor-widget-text-editor\" data-id=\"25d2445\" data-element_type=\"widget\" data-widget_type=\"text-editor.default\">\n\t\t\t\t<div class=\"elementor-widget-container\">\n\t\t\t\t\t\t\t\t\t<p>Achieve the highest level of academic standing.<\/p>\t\t\t\t\t\t\t\t<\/div>\n\t\t\t\t<\/div>\n\t\t\t\t<div class=\"elementor-element elementor-element-bf8997b elementor-widget elementor-widget-heading\" data-id=\"bf8997b\" data-element_type=\"widget\" data-widget_type=\"heading.default\">\n\t\t\t\t<div class=\"elementor-widget-container\">\n\t\t\t\t\t<h1 class=\"elementor-heading-title elementor-size-default\">Applications for postgraduate studies<\/h1>\t\t\t\t<\/div>\n\t\t\t\t<\/div>\n\t\t\t\t<div class=\"elementor-element elementor-element-ebf829a elementor-align-left elementor-mobile-align-justify elementor-widget elementor-widget-button\" data-id=\"ebf829a\" data-element_type=\"widget\" data-widget_type=\"button.default\">\n\t\t\t\t<div class=\"elementor-widget-container\">\n\t\t\t\t\t\t\t\t\t<div class=\"elementor-button-wrapper\">\n\t\t\t\t\t<a class=\"elementor-button elementor-button-link elementor-size-xl\" href=\"https:\/\/www.libertas.hr\/prijave-na-studije\/prijave-za-poslijediplomske-studije\/\">\n\t\t\t\t\t\t<span class=\"elementor-button-content-wrapper\">\n\t\t\t\t\t\t\t\t\t<span class=\"elementor-button-text\">Admission<\/span>\n\t\t\t\t\t<\/span>\n\t\t\t\t\t<\/a>\n\t\t\t\t<\/div>\n\t\t\t\t\t\t\t\t<\/div>\n\t\t\t\t<\/div>\n\t\t\t\t<\/div>\n\t\t\t\t\t<\/div>\n\t\t\t\t<\/div>\n\t\t<div class=\"elementor-element elementor-element-1374d75 e-flex e-con-boxed e-con e-parent\" data-id=\"1374d75\" data-element_type=\"container\" data-settings=\"{&quot;background_background&quot;:&quot;classic&quot;}\">\n\t\t\t\t\t<div class=\"e-con-inner\">\n\t\t\t\t<div class=\"elementor-element elementor-element-161b7b0 elementor-widget elementor-widget-heading\" data-id=\"161b7b0\" data-element_type=\"widget\" data-widget_type=\"heading.default\">\n\t\t\t\t<div class=\"elementor-widget-container\">\n\t\t\t\t\t<h2 class=\"elementor-heading-title elementor-size-default\">1. Korak  - prijavi se za \u017eeljeni studij<\/h2>\t\t\t\t<\/div>\n\t\t\t\t<\/div>\n\t\t\t\t<div class=\"elementor-element elementor-element-a595423 elementor-widget-divider--view-line elementor-widget elementor-widget-divider\" data-id=\"a595423\" data-element_type=\"widget\" data-widget_type=\"divider.default\">\n\t\t\t\t<div class=\"elementor-widget-container\">\n\t\t\t\t\t\t\t<div class=\"elementor-divider\">\n\t\t\t<span class=\"elementor-divider-separator\">\n\t\t\t\t\t\t<\/span>\n\t\t<\/div>\n\t\t\t\t\t\t<\/div>\n\t\t\t\t<\/div>\n\t\t\t\t<div class=\"elementor-element elementor-element-578adc8 elementor-widget elementor-widget-text-editor\" data-id=\"578adc8\" data-element_type=\"widget\" data-widget_type=\"text-editor.default\">\n\t\t\t\t<div class=\"elementor-widget-container\">\n\t\t\t\t\t\t\t\t\t<p>Odabrali ste studiji? Odli\u010dno, pristupite prijavama na linkovima ispod i pri\u010dekajte povratnu informaciju sa fakulteta.<\/p>\t\t\t\t\t\t\t\t<\/div>\n\t\t\t\t<\/div>\n\t\t\t\t<div class=\"elementor-element elementor-element-18d2b56 elementor-widget elementor-widget-heading\" data-id=\"18d2b56\" data-element_type=\"widget\" data-widget_type=\"heading.default\">\n\t\t\t\t<div class=\"elementor-widget-container\">\n\t\t\t\t\t<h2 class=\"elementor-heading-title elementor-size-default\">2. Korak - prikupi dokumentaciju i izra\u010dunaj \u0161kolarinu<\/h2>\t\t\t\t<\/div>\n\t\t\t\t<\/div>\n\t\t\t\t<div class=\"elementor-element elementor-element-29c48b1 elementor-widget-divider--view-line elementor-widget elementor-widget-divider\" data-id=\"29c48b1\" data-element_type=\"widget\" data-widget_type=\"divider.default\">\n\t\t\t\t<div class=\"elementor-widget-container\">\n\t\t\t\t\t\t\t<div class=\"elementor-divider\">\n\t\t\t<span class=\"elementor-divider-separator\">\n\t\t\t\t\t\t<\/span>\n\t\t<\/div>\n\t\t\t\t\t\t<\/div>\n\t\t\t\t<\/div>\n\t\t\t\t<div class=\"elementor-element elementor-element-218ce59 elementor-widget elementor-widget-text-editor\" data-id=\"218ce59\" data-element_type=\"widget\" data-widget_type=\"text-editor.default\">\n\t\t\t\t<div class=\"elementor-widget-container\">\n\t\t\t\t\t\t\t\t\t<p>Ovisno o tome \u017eelite li studirati prijediplomski, diplomski, stru\u010dni ili sveu\u010dili\u0161ni program potrebno je prikupiti odre\u0111enu dokumentaciju. Uvjete upisa mo\u017eete prona\u0107i na ovom linku: <a href=\"https:\/\/www.libertas.hr\/digitalni-upisni-centar\/upisne-informacije\/\" target=\"_blank\" rel=\"noopener\">upisne informacije<\/a>. \u0160kolarina ovisi o va\u0161im dosada\u0161njim uspjesima, mogu\u0107nosti stipendiranja i drugim faktorima. Izra\u010dun \u0161kolarine mo\u017eete prona\u0107i na linku <a href=\"https:\/\/www.libertas.hr\/digitalni-upisni-centar\/skolarine-i-financijske-pogodnosti\/\">ovdje<\/a>.<\/p>\t\t\t\t\t\t\t\t<\/div>\n\t\t\t\t<\/div>\n\t\t\t\t<div class=\"elementor-element elementor-element-5539fd4 elementor-widget elementor-widget-heading\" data-id=\"5539fd4\" data-element_type=\"widget\" data-widget_type=\"heading.default\">\n\t\t\t\t<div class=\"elementor-widget-container\">\n\t\t\t\t\t<h2 class=\"elementor-heading-title elementor-size-default\">3. Posjeti sveu\u010dili\u0161te i zapo\u010dni studiranje<\/h2>\t\t\t\t<\/div>\n\t\t\t\t<\/div>\n\t\t\t\t<div class=\"elementor-element elementor-element-ee913a2 elementor-widget-divider--view-line elementor-widget elementor-widget-divider\" data-id=\"ee913a2\" data-element_type=\"widget\" data-widget_type=\"divider.default\">\n\t\t\t\t<div class=\"elementor-widget-container\">\n\t\t\t\t\t\t\t<div class=\"elementor-divider\">\n\t\t\t<span class=\"elementor-divider-separator\">\n\t\t\t\t\t\t<\/span>\n\t\t<\/div>\n\t\t\t\t\t\t<\/div>\n\t\t\t\t<\/div>\n\t\t\t\t<div class=\"elementor-element elementor-element-16c35d8 elementor-widget elementor-widget-text-editor\" data-id=\"16c35d8\" data-element_type=\"widget\" data-widget_type=\"text-editor.default\">\n\t\t\t\t<div class=\"elementor-widget-container\">\n\t\t\t\t\t\t\t\t\t<p>Posjeti na\u0161u referadu ili Centar za karijere sa dokumentima i zapo\u010dni svoje studiranje!<\/p>\t\t\t\t\t\t\t\t<\/div>\n\t\t\t\t<\/div>\n\t\t\t\t\t<\/div>\n\t\t\t\t<\/div>\n\t\t\t\t<\/div>\n\t\t","protected":false},"excerpt":{"rendered":"<p>You know which undergraduate program you want to study! Click and apply&#8230; Applications for undergraduate studies Admission Apply for your chosen graduate program. Applications for graduate studies\u200b Admission Achieve the highest level of academic standing. Applications for postgraduate studies Admission 1. Korak &#8211; prijavi se za \u017eeljeni studij Odabrali ste studiji? Odli\u010dno, pristupite prijavama na [&hellip;]<\/p>\n","protected":false},"author":1,"featured_media":0,"parent":0,"menu_order":0,"comment_status":"closed","ping_status":"closed","template":"","meta":{"footnotes":""},"class_list":["post-12458","page","type-page","status-publish","hentry"],"_links":{"self":[{"href":"https:\/\/www.libertas.hr\/en\/wp-json\/wp\/v2\/pages\/12458","targetHints":{"allow":["GET"]}}],"collection":[{"href":"https:\/\/www.libertas.hr\/en\/wp-json\/wp\/v2\/pages"}],"about":[{"href":"https:\/\/www.libertas.hr\/en\/wp-json\/wp\/v2\/types\/page"}],"author":[{"embeddable":true,"href":"https:\/\/www.libertas.hr\/en\/wp-json\/wp\/v2\/users\/1"}],"replies":[{"embeddable":true,"href":"https:\/\/www.libertas.hr\/en\/wp-json\/wp\/v2\/comments?post=12458"}],"version-history":[{"count":8,"href":"https:\/\/www.libertas.hr\/en\/wp-json\/wp\/v2\/pages\/12458\/revisions"}],"predecessor-version":[{"id":12806,"href":"https:\/\/www.libertas.hr\/en\/wp-json\/wp\/v2\/pages\/12458\/revisions\/12806"}],"wp:attachment":[{"href":"https:\/\/www.libertas.hr\/en\/wp-json\/wp\/v2\/media?parent=12458"}],"curies":[{"name":"wp","href":"https:\/\/api.w.org\/{rel}","templated":true}]}}