{"id":12336,"date":"2022-09-28T09:15:24","date_gmt":"2022-09-28T09:15:24","guid":{"rendered":"https:\/\/www.libertas.hr\/about-us\/ured-za-medunarodnu-suradnju\/"},"modified":"2025-05-12T12:33:47","modified_gmt":"2025-05-12T12:33:47","slug":"international-cooperation-office","status":"publish","type":"page","link":"https:\/\/www.libertas.hr\/en\/about-us\/international-cooperation-office\/","title":{"rendered":"International Cooperation Office"},"content":{"rendered":"\t\t<div data-elementor-type=\"wp-page\" data-elementor-id=\"12336\" class=\"elementor elementor-12336 elementor-971\" data-elementor-post-type=\"page\">\n\t\t\t\t<div class=\"elementor-element elementor-element-ba7518b e-flex e-con-boxed e-con e-parent\" data-id=\"ba7518b\" data-element_type=\"container\" data-settings=\"{&quot;background_background&quot;:&quot;classic&quot;}\">\n\t\t\t\t\t<div class=\"e-con-inner\">\n\t\t\t\t<div class=\"elementor-element elementor-element-ff8493d elementor-widget elementor-widget-heading\" data-id=\"ff8493d\" data-element_type=\"widget\" data-widget_type=\"heading.default\">\n\t\t\t\t<div class=\"elementor-widget-container\">\n\t\t\t\t\t<h1 class=\"elementor-heading-title elementor-size-default\">International Cooperation Office<\/h1>\t\t\t\t<\/div>\n\t\t\t\t<\/div>\n\t\t\t\t\t<\/div>\n\t\t\t\t<\/div>\n\t\t<div class=\"elementor-element elementor-element-eec3cc2 e-flex e-con-boxed e-con e-parent\" data-id=\"eec3cc2\" data-element_type=\"container\" data-settings=\"{&quot;background_background&quot;:&quot;classic&quot;}\">\n\t\t\t\t\t<div class=\"e-con-inner\">\n\t\t<div class=\"elementor-element elementor-element-4536edd e-con-full e-flex e-con e-child\" data-id=\"4536edd\" data-element_type=\"container\">\n\t\t\t\t<div class=\"elementor-element elementor-element-9720d8a elementor-widget elementor-widget-text-editor\" data-id=\"9720d8a\" data-element_type=\"widget\" data-widget_type=\"text-editor.default\">\n\t\t\t\t<div class=\"elementor-widget-container\">\n\t\t\t\t\t\t\t\t\t<p>The Office for International Cooperation Of Libertas University represents a key place of coordination and administration of all activities related to international cooperation of our University. The office holds a strategic and operational significance in promoting the internationalisation and international activities of our academic community. Our Office for international and inter-university cooperation actively promotes various forms of international activities, simultaneously spreading the reputation of our university worldwide.<\/p>\n<p>Our mission is to ensure that each of our students has the opportunity to experience the wealth of international exchange and build bridges with colleagues worldwide.<\/p>\n<p>Our rich experience and cooperation with renowned European institutions ensure a basis for student mobility through the Erasmus+ programme, owing to numerous agreements with partner institutions around Europe.<\/p>\n<p>We strive to recognise all advantages of international student mobility and encourage our students to participate in various programmes offering chances for personal and academic development, among which we highlight the most popular and most significant Erasmus+ programme.<\/p>\t\t\t\t\t\t\t\t<\/div>\n\t\t\t\t<\/div>\n\t\t\t\t<\/div>\n\t\t\t\t\t<\/div>\n\t\t\t\t<\/div>\n\t\t<div class=\"elementor-element elementor-element-c61ed0f e-flex e-con-boxed e-con e-parent\" data-id=\"c61ed0f\" data-element_type=\"container\" data-settings=\"{&quot;background_background&quot;:&quot;classic&quot;}\">\n\t\t\t\t\t<div class=\"e-con-inner\">\n\t\t<div class=\"elementor-element elementor-element-856ed0e e-con-full e-flex e-con e-child\" data-id=\"856ed0e\" data-element_type=\"container\">\n\t\t\t\t<div class=\"elementor-element elementor-element-440b4e3 elementor-widget elementor-widget-heading\" data-id=\"440b4e3\" data-element_type=\"widget\" data-widget_type=\"heading.default\">\n\t\t\t\t<div class=\"elementor-widget-container\">\n\t\t\t\t\t<h1 class=\"elementor-heading-title elementor-size-default\">Current international projects<\/h1>\t\t\t\t<\/div>\n\t\t\t\t<\/div>\n\t\t<div class=\"elementor-element elementor-element-87f7be6 e-con-full e-flex e-con e-child\" data-id=\"87f7be6\" data-element_type=\"container\" data-settings=\"{&quot;background_background&quot;:&quot;classic&quot;}\">\n\t\t<div class=\"elementor-element elementor-element-381f663 e-con-full e-flex e-con e-child\" data-id=\"381f663\" data-element_type=\"container\">\n\t\t\t\t<div class=\"elementor-element elementor-element-1a80285 elementor-widget elementor-widget-image\" data-id=\"1a80285\" data-element_type=\"widget\" data-widget_type=\"image.default\">\n\t\t\t\t<div class=\"elementor-widget-container\">\n\t\t\t\t\t\t\t\t\t\t\t\t\t\t\t<img decoding=\"async\" width=\"211\" height=\"211\" src=\"https:\/\/www.libertas.hr\/wp-content\/uploads\/2025\/01\/czo-3.jpg\" class=\"attachment-full size-full wp-image-9563\" alt=\"\" srcset=\"https:\/\/www.libertas.hr\/wp-content\/uploads\/2025\/01\/czo-3.jpg 211w, https:\/\/www.libertas.hr\/wp-content\/uploads\/2025\/01\/czo-3-150x150.jpg 150w\" sizes=\"(max-width: 211px) 100vw, 211px\" \/>\t\t\t\t\t\t\t\t\t\t\t\t\t\t\t<\/div>\n\t\t\t\t<\/div>\n\t\t\t\t<\/div>\n\t\t<div class=\"elementor-element elementor-element-8a5dc46 e-con-full e-flex e-con e-child\" data-id=\"8a5dc46\" data-element_type=\"container\">\n\t\t\t\t<div class=\"elementor-element elementor-element-25f12ba elementor-widget elementor-widget-text-editor\" data-id=\"25f12ba\" data-element_type=\"widget\" data-widget_type=\"text-editor.default\">\n\t\t\t\t<div class=\"elementor-widget-container\">\n\t\t\t\t\t\t\t\t\t<p>Erasmus+: European Union programme for education, training, youth and sport for the period of 2021 \u2013 2027<\/p>\t\t\t\t\t\t\t\t<\/div>\n\t\t\t\t<\/div>\n\t\t\t\t<div class=\"elementor-element elementor-element-e621159 elementor-align-left elementor-widget__width-inherit elementor-mobile-align-center elementor-widget elementor-widget-button\" data-id=\"e621159\" data-element_type=\"widget\" data-widget_type=\"button.default\">\n\t\t\t\t<div class=\"elementor-widget-container\">\n\t\t\t\t\t\t\t\t\t<div class=\"elementor-button-wrapper\">\n\t\t\t\t\t<a class=\"elementor-button elementor-button-link elementor-size-sm\" href=\"https:\/\/www.libertas.hr\/en\/erasmus\/\">\n\t\t\t\t\t\t<span class=\"elementor-button-content-wrapper\">\n\t\t\t\t\t\t\t\t\t<span class=\"elementor-button-text\">More abour Erasmus +<\/span>\n\t\t\t\t\t<\/span>\n\t\t\t\t\t<\/a>\n\t\t\t\t<\/div>\n\t\t\t\t\t\t\t\t<\/div>\n\t\t\t\t<\/div>\n\t\t\t\t<\/div>\n\t\t\t\t<\/div>\n\t\t<div class=\"elementor-element elementor-element-1d8e01e e-con-full e-flex e-con e-child\" data-id=\"1d8e01e\" data-element_type=\"container\" data-settings=\"{&quot;background_background&quot;:&quot;classic&quot;}\">\n\t\t<div class=\"elementor-element elementor-element-f324c4d e-con-full e-flex e-con e-child\" data-id=\"f324c4d\" data-element_type=\"container\">\n\t\t\t\t<div class=\"elementor-element elementor-element-e229dc4 elementor-widget elementor-widget-image\" data-id=\"e229dc4\" data-element_type=\"widget\" data-widget_type=\"image.default\">\n\t\t\t\t<div class=\"elementor-widget-container\">\n\t\t\t\t\t\t\t\t\t\t\t\t\t\t\t<img decoding=\"async\" width=\"211\" height=\"211\" src=\"https:\/\/www.libertas.hr\/wp-content\/uploads\/2025\/01\/czo-2.jpg\" class=\"attachment-full size-full wp-image-9564\" alt=\"\" srcset=\"https:\/\/www.libertas.hr\/wp-content\/uploads\/2025\/01\/czo-2.jpg 211w, https:\/\/www.libertas.hr\/wp-content\/uploads\/2025\/01\/czo-2-150x150.jpg 150w\" sizes=\"(max-width: 211px) 100vw, 211px\" \/>\t\t\t\t\t\t\t\t\t\t\t\t\t\t\t<\/div>\n\t\t\t\t<\/div>\n\t\t\t\t<\/div>\n\t\t<div class=\"elementor-element elementor-element-83be05a e-con-full e-flex e-con e-child\" data-id=\"83be05a\" data-element_type=\"container\">\n\t\t\t\t<div class=\"elementor-element elementor-element-833dd8d elementor-widget elementor-widget-text-editor\" data-id=\"833dd8d\" data-element_type=\"widget\" data-widget_type=\"text-editor.default\">\n\t\t\t\t<div class=\"elementor-widget-container\">\n\t\t\t\t\t\t\t\t\t<h2>Project \u201cAcquisition of CroQF Principles in the Higher Education System in the Tourism Sector\u201d<\/h2>\t\t\t\t\t\t\t\t<\/div>\n\t\t\t\t<\/div>\n\t\t\t\t<div class=\"elementor-element elementor-element-3007937 elementor-widget elementor-widget-n-accordion\" data-id=\"3007937\" data-element_type=\"widget\" data-settings=\"{&quot;default_state&quot;:&quot;all_collapsed&quot;,&quot;max_items_expended&quot;:&quot;one&quot;,&quot;n_accordion_animation_duration&quot;:{&quot;unit&quot;:&quot;ms&quot;,&quot;size&quot;:400,&quot;sizes&quot;:[]}}\" data-widget_type=\"nested-accordion.default\">\n\t\t\t\t<div class=\"elementor-widget-container\">\n\t\t\t\t\t\t\t<div class=\"e-n-accordion\" aria-label=\"Accordion. Open links with Enter or Space, close with Escape, and navigate with Arrow Keys\">\n\t\t\t\t\t\t<details id=\"e-n-accordion-item-5030\" class=\"e-n-accordion-item\" >\n\t\t\t\t<summary class=\"e-n-accordion-item-title\" data-accordion-index=\"1\" tabindex=\"0\" aria-expanded=\"false\" aria-controls=\"e-n-accordion-item-5030\" >\n\t\t\t\t\t<span class='e-n-accordion-item-title-header'><div class=\"e-n-accordion-item-title-text\"> Read more <\/div><\/span>\n\t\t\t\t\t\t\t<span class='e-n-accordion-item-title-icon'>\n\t\t\t<span class='e-opened' ><i aria-hidden=\"true\" class=\"fas fa-minus\"><\/i><\/span>\n\t\t\t<span class='e-closed'><i aria-hidden=\"true\" class=\"fas fa-plus\"><\/i><\/span>\n\t\t<\/span>\n\n\t\t\t\t\t\t<\/summary>\n\t\t\t\t<div role=\"region\" aria-labelledby=\"e-n-accordion-item-5030\" class=\"elementor-element elementor-element-defba20 e-con-full e-flex e-con e-child\" data-id=\"defba20\" data-element_type=\"container\">\n\t\t\t\t<div class=\"elementor-element elementor-element-f3a40b0 elementor-widget elementor-widget-text-editor\" data-id=\"f3a40b0\" data-element_type=\"widget\" data-widget_type=\"text-editor.default\">\n\t\t\t\t<div class=\"elementor-widget-container\">\n\t\t\t\t\t\t\t\t\t<div id=\"elementor-tab-content-2311\" class=\"elementor-tab-content elementor-clearfix elementor-active\" role=\"region\" data-tab=\"1\" aria-labelledby=\"elementor-tab-title-2311\">\n<p>Libertas Business School signed and agreement within the Call for the award of grants in the \u201cFurther Development and Implementation of the Croatian Qualifications Framework\u201d. Thus, the project of the Libertas Business School \u201cAcquisition of CroQF Principles in the Higher Education System in the Tourism Sector\u201d was among 16 selected within the call for grants via IPA IV component Human Resource Development. The awarded grant was realised by Libertas Business School as the head of the project together with Me\u0111imurje University of Applied Sciences in \u010cakovec, University of Applied Sciences in \u0160ibenik, Virovitica University of Applied Sciences and the Association of Employers in Croatian Hospitality in the duration of 18 months.<\/p>\n<p>The goal of the project \u201cAcquisition of CroQF Principles in the Higher Education System in the Tourism Sector\u201d is to support the development and implementation of the Croatian Qualifications Framework by achieving specific objectives, The first relates to the development of qualification standards in the higher education in the tourism sector in cooperation with relevant stakeholders. The next specific objective relates to a complete alignment of tourism-related study programmes with the principles of the Croatian Qualifications Framework in the four higher education institutions. Moreover, one of the objectives is to introduce innovative educational elements into the education for hospitality and tourism management.<\/p>\n<p><strong>Project duration: 19 August 2013 \u2013 18 February 2015<\/strong><\/p>\n<p><strong>Total acceptable project costs: 356,870,43 EUR<\/strong><\/p>\n<p><strong>Head of the project: Libertas Business School<\/strong><\/p>\n<p><strong>Project partners:<\/strong><\/p>\n<ul>\n<li>University of Applied Sciences in \u0160ibenik<\/li>\n<li>Me\u0111imurje University of Applied Sciences in \u010cakovec<\/li>\n<li>Virovitica University of Applied Sciences<\/li>\n<li>Association of Employers in Croatian Hospitality<\/li>\n<li>\u00a0<\/li>\n<\/ul>\n<p>Contact person for more information: Ksenija Ke\u010da, MSc, Vice-dean for International Cooperation \u2013 <a href=\"mailto:kkeca@libertas.hr\">kkeca@libertas.hr<\/a><\/p>\n<\/div>\t\t\t\t\t\t\t\t<\/div>\n\t\t\t\t<\/div>\n\t\t\t\t<\/div>\n\t\t\t\t\t<\/details>\n\t\t\t\t\t<\/div>\n\t\t\t\t\t\t<\/div>\n\t\t\t\t<\/div>\n\t\t\t\t<\/div>\n\t\t\t\t<\/div>\n\t\t<div class=\"elementor-element elementor-element-39ffc25 e-con-full e-flex e-con e-child\" data-id=\"39ffc25\" data-element_type=\"container\" data-settings=\"{&quot;background_background&quot;:&quot;classic&quot;}\">\n\t\t<div class=\"elementor-element elementor-element-785c3ad e-con-full e-flex e-con e-child\" data-id=\"785c3ad\" data-element_type=\"container\">\n\t\t\t\t<div class=\"elementor-element elementor-element-24c6efc elementor-widget elementor-widget-image\" data-id=\"24c6efc\" data-element_type=\"widget\" data-widget_type=\"image.default\">\n\t\t\t\t<div class=\"elementor-widget-container\">\n\t\t\t\t\t\t\t\t\t\t\t\t\t\t\t<img decoding=\"async\" width=\"211\" height=\"211\" src=\"https:\/\/www.libertas.hr\/wp-content\/uploads\/2025\/01\/bilateralna-suradnja.jpeg\" class=\"attachment-full size-full wp-image-9565\" alt=\"\" srcset=\"https:\/\/www.libertas.hr\/wp-content\/uploads\/2025\/01\/bilateralna-suradnja.jpeg 211w, https:\/\/www.libertas.hr\/wp-content\/uploads\/2025\/01\/bilateralna-suradnja-150x150.jpeg 150w\" sizes=\"(max-width: 211px) 100vw, 211px\" \/>\t\t\t\t\t\t\t\t\t\t\t\t\t\t\t<\/div>\n\t\t\t\t<\/div>\n\t\t\t\t<\/div>\n\t\t<div class=\"elementor-element elementor-element-f556b65 e-con-full e-flex e-con e-child\" data-id=\"f556b65\" data-element_type=\"container\">\n\t\t\t\t<div class=\"elementor-element elementor-element-f2718d2 elementor-widget elementor-widget-text-editor\" data-id=\"f2718d2\" data-element_type=\"widget\" data-widget_type=\"text-editor.default\">\n\t\t\t\t<div class=\"elementor-widget-container\">\n\t\t\t\t\t\t\t\t\t<h2>Bilateral Cooperation<\/h2>\t\t\t\t\t\t\t\t<\/div>\n\t\t\t\t<\/div>\n\t\t\t\t<div class=\"elementor-element elementor-element-c9b1e30 elementor-widget elementor-widget-n-accordion\" data-id=\"c9b1e30\" data-element_type=\"widget\" data-settings=\"{&quot;default_state&quot;:&quot;all_collapsed&quot;,&quot;max_items_expended&quot;:&quot;one&quot;,&quot;n_accordion_animation_duration&quot;:{&quot;unit&quot;:&quot;ms&quot;,&quot;size&quot;:400,&quot;sizes&quot;:[]}}\" data-widget_type=\"nested-accordion.default\">\n\t\t\t\t<div class=\"elementor-widget-container\">\n\t\t\t\t\t\t\t<div class=\"e-n-accordion\" aria-label=\"Accordion. Open links with Enter or Space, close with Escape, and navigate with Arrow Keys\">\n\t\t\t\t\t\t<details id=\"e-n-accordion-item-2110\" class=\"e-n-accordion-item\" >\n\t\t\t\t<summary class=\"e-n-accordion-item-title\" data-accordion-index=\"1\" tabindex=\"0\" aria-expanded=\"false\" aria-controls=\"e-n-accordion-item-2110\" >\n\t\t\t\t\t<span class='e-n-accordion-item-title-header'><div class=\"e-n-accordion-item-title-text\"> Read more <\/div><\/span>\n\t\t\t\t\t\t\t<span class='e-n-accordion-item-title-icon'>\n\t\t\t<span class='e-opened' ><i aria-hidden=\"true\" class=\"fas fa-minus\"><\/i><\/span>\n\t\t\t<span class='e-closed'><i aria-hidden=\"true\" class=\"fas fa-plus\"><\/i><\/span>\n\t\t<\/span>\n\n\t\t\t\t\t\t<\/summary>\n\t\t\t\t<div role=\"region\" aria-labelledby=\"e-n-accordion-item-2110\" class=\"elementor-element elementor-element-2ca0a17 e-con-full e-flex e-con e-child\" data-id=\"2ca0a17\" data-element_type=\"container\">\n\t\t\t\t<div class=\"elementor-element elementor-element-e866fa8 elementor-widget elementor-widget-text-editor\" data-id=\"e866fa8\" data-element_type=\"widget\" data-widget_type=\"text-editor.default\">\n\t\t\t\t<div class=\"elementor-widget-container\">\n\t\t\t\t\t\t\t\t\t<div id=\"elementor-tab-content-2311\" class=\"elementor-tab-content elementor-clearfix elementor-active\" role=\"region\" data-tab=\"1\" aria-labelledby=\"elementor-tab-title-2311\">\n<p>We are proud to highlight that Libertas International University is achieving bilateral contacts with higher education institutions and universities abroad within mutually aligned and signed bilateral agreements, as well as implements the following forms of cooperation: activities on mutually agreed-upon topics, teaching staff exchange, student exchange, joint publishing, information exchange of mutual interest, conference organisation, research seminars and workshops and other activities aimed at promoting academic cooperation.<\/p>\n<p>Bilateral agreements of Libertas International University can be made with any other university, based on the expressed student interest and correspondence of study programmes of the university.<\/p>\n<p>Students who are interested in mobility outside of the EU (outside ERASMUS area), need to contact the head of the <a href=\"https:\/\/www.libertas.hr\/en\/about-us\/career-centre\/\" target=\"_blank\" rel=\"noopener\">Career Centre<\/a> directly.<\/p>\n<div id=\"elementor-tab-content-2011\" class=\"elementor-tab-content elementor-clearfix elementor-active\" role=\"region\" data-tab=\"1\" aria-labelledby=\"elementor-tab-title-2011\">\n<p><strong>Bilateral Agreements of Libertas International University:<\/strong><\/p>\n<ul>\n<li><strong><a href=\"https:\/\/www.warszawa.san.edu.pl\/en\/\" target=\"_blank\" rel=\"noopener noreferrer\">University of Social Sciences<\/a> , Poland (2016),\u00a0<\/strong><\/li>\n<li><strong><a href=\"https:\/\/www.stir.ac.uk\/\">Centre for European Neighbourhood Studies of the University of Stirling<\/a> (CENS), Scotland (2009)<\/strong><\/li>\n<li><strong><a href=\"https:\/\/www.fimek.edu.rs\/en\/\">Faculty of Economics and Engineering Management<\/a> \u2013 FIMEK in Novi Sad, Serbia (2011)<\/strong><\/li>\n<li><strong><a href=\"https:\/\/en.omgpu.ru\/\">Omsk State Pedagogical University<\/a>, Russian Federation (2013)<\/strong><\/li>\n<li><strong><a href=\"https:\/\/ft.uni-mb.si\/\">Univerza v Mariboru, Fakulteta za turizem<\/a>, Bre\u017eice, Slovenia (2013)<\/strong><\/li>\n<li><strong><a href=\"https:\/\/www.unikl.edu.my\/\">Kuala Lumpur University<\/a> (2018.), Malesia<\/strong><strong><br \/><\/strong><\/li>\n<\/ul>\n<\/div>\n<\/div>\t\t\t\t\t\t\t\t<\/div>\n\t\t\t\t<\/div>\n\t\t\t\t<\/div>\n\t\t\t\t\t<\/details>\n\t\t\t\t\t<\/div>\n\t\t\t\t\t\t<\/div>\n\t\t\t\t<\/div>\n\t\t\t\t<\/div>\n\t\t\t\t<\/div>\n\t\t\t\t<\/div>\n\t\t\t\t\t<\/div>\n\t\t\t\t<\/div>\n\t\t<div class=\"elementor-element elementor-element-fd2831e e-flex e-con-boxed e-con e-parent\" data-id=\"fd2831e\" data-element_type=\"container\" data-settings=\"{&quot;background_background&quot;:&quot;classic&quot;}\">\n\t\t\t\t\t<div class=\"e-con-inner\">\n\t\t<div class=\"elementor-element elementor-element-25ae23b e-con-full e-flex e-con e-child\" data-id=\"25ae23b\" data-element_type=\"container\">\n\t\t\t\t<div class=\"elementor-element elementor-element-3531f5f elementor-widget elementor-widget-heading\" data-id=\"3531f5f\" data-element_type=\"widget\" data-widget_type=\"heading.default\">\n\t\t\t\t<div class=\"elementor-widget-container\">\n\t\t\t\t\t<h1 class=\"elementor-heading-title elementor-size-default\">Arrange a visit or a meeting!<\/h1>\t\t\t\t<\/div>\n\t\t\t\t<\/div>\n\t\t\t\t<\/div>\n\t\t\t\t\t<\/div>\n\t\t\t\t<\/div>\n\t\t<div class=\"elementor-element elementor-element-5d4b1ae e-flex e-con-boxed e-con e-parent\" data-id=\"5d4b1ae\" data-element_type=\"container\" data-settings=\"{&quot;background_background&quot;:&quot;classic&quot;}\">\n\t\t\t\t\t<div class=\"e-con-inner\">\n\t\t<div class=\"elementor-element elementor-element-68918e2 e-con-full e-flex e-con e-child\" data-id=\"68918e2\" data-element_type=\"container\">\n\t\t\t\t<div class=\"elementor-element elementor-element-efcb6d1 elementor-widget elementor-widget-heading\" data-id=\"efcb6d1\" data-element_type=\"widget\" data-widget_type=\"heading.default\">\n\t\t\t\t<div class=\"elementor-widget-container\">\n\t\t\t\t\t<h2 class=\"elementor-heading-title elementor-size-default\">Head of International Cooperation Office<\/h2>\t\t\t\t<\/div>\n\t\t\t\t<\/div>\n\t\t\t\t<div class=\"elementor-element elementor-element-5237806 elementor-widget elementor-widget-text-editor\" data-id=\"5237806\" data-element_type=\"widget\" data-widget_type=\"text-editor.default\">\n\t\t\t\t<div class=\"elementor-widget-container\">\n\t\t\t\t\t\t\t\t\t<p>Ksenija Ke\u010da, MSc<\/p>\n<p>E-mail: <a href=\"mailto:kkeca@libertas.hr\">kkeca@libertas.hr<\/a><\/p>\n<p>Tel:\u00a0+ 385 1 5633 150<\/p>\t\t\t\t\t\t\t\t<\/div>\n\t\t\t\t<\/div>\n\t\t\t\t<\/div>\n\t\t<div class=\"elementor-element elementor-element-224f2b6 e-con-full e-flex e-con e-child\" data-id=\"224f2b6\" data-element_type=\"container\">\n\t\t\t\t<div class=\"elementor-element elementor-element-f2af801 elementor-widget elementor-widget-heading\" data-id=\"f2af801\" data-element_type=\"widget\" data-widget_type=\"heading.default\">\n\t\t\t\t<div class=\"elementor-widget-container\">\n\t\t\t\t\t<h2 class=\"elementor-heading-title elementor-size-default\">Assistant to International Cooperation Office<\/h2>\t\t\t\t<\/div>\n\t\t\t\t<\/div>\n\t\t\t\t<div class=\"elementor-element elementor-element-b35da10 elementor-widget elementor-widget-text-editor\" data-id=\"b35da10\" data-element_type=\"widget\" data-widget_type=\"text-editor.default\">\n\t\t\t\t<div class=\"elementor-widget-container\">\n\t\t\t\t\t\t\t\t\t<p>Martina Glavan<\/p><p>e-mail:\u00a0<a href=\"mailto:glavan@libertas.hr\">glavan@libertas.hr<\/a><\/p><p>\u00a0<\/p>\t\t\t\t\t\t\t\t<\/div>\n\t\t\t\t<\/div>\n\t\t\t\t<\/div>\n\t\t\t\t\t<\/div>\n\t\t\t\t<\/div>\n\t\t\t\t<\/div>\n\t\t","protected":false},"excerpt":{"rendered":"<p>International Cooperation Office The Office for International Cooperation Of Libertas University represents a key place of coordination and administration of all activities related to international cooperation of our University. The office holds a strategic and operational significance in promoting the internationalisation and international activities of our academic community. Our Office for international and inter-university cooperation [&hellip;]<\/p>\n","protected":false},"author":3,"featured_media":0,"parent":9689,"menu_order":0,"comment_status":"closed","ping_status":"closed","template":"","meta":{"footnotes":""},"class_list":["post-12336","page","type-page","status-publish","hentry"],"_links":{"self":[{"href":"https:\/\/www.libertas.hr\/en\/wp-json\/wp\/v2\/pages\/12336","targetHints":{"allow":["GET"]}}],"collection":[{"href":"https:\/\/www.libertas.hr\/en\/wp-json\/wp\/v2\/pages"}],"about":[{"href":"https:\/\/www.libertas.hr\/en\/wp-json\/wp\/v2\/types\/page"}],"author":[{"embeddable":true,"href":"https:\/\/www.libertas.hr\/en\/wp-json\/wp\/v2\/users\/3"}],"replies":[{"embeddable":true,"href":"https:\/\/www.libertas.hr\/en\/wp-json\/wp\/v2\/comments?post=12336"}],"version-history":[{"count":6,"href":"https:\/\/www.libertas.hr\/en\/wp-json\/wp\/v2\/pages\/12336\/revisions"}],"predecessor-version":[{"id":12344,"href":"https:\/\/www.libertas.hr\/en\/wp-json\/wp\/v2\/pages\/12336\/revisions\/12344"}],"up":[{"embeddable":true,"href":"https:\/\/www.libertas.hr\/en\/wp-json\/wp\/v2\/pages\/9689"}],"wp:attachment":[{"href":"https:\/\/www.libertas.hr\/en\/wp-json\/wp\/v2\/media?parent=12336"}],"curies":[{"name":"wp","href":"https:\/\/api.w.org\/{rel}","templated":true}]}}